{"id":935,"date":"2026-04-28T14:41:07","date_gmt":"2026-04-28T12:41:07","guid":{"rendered":"https:\/\/www.myradl.de\/?page_id=935"},"modified":"2026-05-07T14:43:45","modified_gmt":"2026-05-07T12:43:45","slug":"faq-mvv-app","status":"publish","type":"page","link":"https:\/\/www.myradl.de\/de\/faq-mvv-app\/","title":{"rendered":"MVV App"},"content":{"rendered":"<div class=\"wpb-content-wrapper\"><p>[vc_row][vc_column width=&#8220;2\/5&#8243;][vc_single_image image=&#8220;1002&#8243; img_size=&#8220;full&#8220; alignment=&#8220;right&#8220; css=&#8220;.vc_custom_1777987229165{border-radius: 10px !important;}&#8220;][\/vc_column][vc_column width=&#8220;3\/5&#8243;][vc_column_text css=&#8220;&#8220;]<\/p>\n<h1 style=\"text-align: left;\">Frequently<br \/>\nAsked<br \/>\nQuestions<\/h1>\n<h3>\u2192 MVV App<\/h3>\n<p>[\/vc_column_text][vc_row_inner][vc_column_inner width=&#8220;1\/6&#8243;][\/vc_column_inner][vc_column_inner width=&#8220;5\/6&#8243;][vc_column_text css=&#8220;&#8220;]Deine Frage ist nicht dabei? Dann schau in den <a href=\"https:\/\/www.mvv-muenchen.de\/fahrt-planen\/mvv-app\/faq-mvv-app\/\" target=\"_blank\" rel=\"noopener\">FAQ vom MVV<\/a> nach.[\/vc_column_text][\/vc_column_inner][\/vc_row_inner][\/vc_column][\/vc_row][vc_row ppi_row_padding=&#8220;ppi_remove_padding_bottom&#8220; ppi_row_type=&#8220;ppi_bg_black&#8220; full_width=&#8220;stretch_row&#8220; css=&#8220;.vc_custom_1777386117724{background-color: #000000 !important;}&#8220;][vc_column][vc_column_text css=&#8220;&#8220;]<\/p>\n<h3>Registrierung<\/h3>\n<p>[\/vc_column_text][\/vc_column][\/vc_row][vc_row ppi_row_padding=&#8220;ppi_remove_padding_top,ppi_remove_padding_bottom&#8220; ppi_row_type=&#8220;ppi_bg_black&#8220; full_width=&#8220;stretch_row&#8220; css=&#8220;.vc_custom_1777384905225{background-color: #000000 !important;}&#8220;][vc_column width=&#8220;1\/2&#8243;][vc_tta_accordion color=&#8220;white&#8220; active_section=&#8220;0&#8243; collapsible_all=&#8220;true&#8220;][vc_tta_section title=&#8220;Wie aktiviere ich mein Konto?&#8220; tab_id=&#8220;1777381834913-4dec6a00-26ef948a-f7aa&#8220;][vc_column_text css=&#8220;&#8220;]Um dein Kundenkonto zu aktivieren, musst du zun\u00e4chst deine MVV-ID mit MyRadl verkn\u00fcpfen. Keine Angst, das geht mit nur einem Klick in deinem Profil (Men\u00fcpunkt &#8222;Profil und Zugangsdaten&#8220;). Danach kannst du dein Zahlungsmittel f\u00fcr MyRadl hinterlegen. Dieses wird durch das Abbuchen von i.d.R. 1 Euro verifiziert. Dies ist keine Geb\u00fchr, der 1 Euro steht dir sp\u00e4ter als Startguthaben zur Verf\u00fcgung. Die m\u00f6glichen Zahlungsmethoden werden dir in der App angezeigt.<\/p>\n<p>Nach erfolgreicher Abbuchung wird dein Kundenkonto sofort freigeschaltet. Nur bei \u00dcberweisung erfolgt die Freischaltung \u2013 je nach Bank \u2013 erst nach zwei bis vier Tagen.<\/p>\n<p>Bitte beachte, dass dein PayPal-Konto verifiziert sein muss. Mehr Infos gibt\u2019s auf PayPal.[\/vc_column_text][\/vc_tta_section][\/vc_tta_accordion][\/vc_column][vc_column width=&#8220;1\/2&#8243;][vc_tta_accordion color=&#8220;white&#8220; active_section=&#8220;0&#8243; collapsible_all=&#8220;true&#8220;][vc_tta_section title=&#8220;Warum muss ich 1 Euro \u00fcberweisen, obwohl die Registrierung kostenlos ist?&#8220; tab_id=&#8220;1778080340407-b7df9c09-726f&#8220;][vc_column_text css=&#8220;&#8220;]Um dein Zahlungsmittel zu verifizieren und damit dein Konto freizuschalten, wird dein Bankkonto mit 1 Euro belastet. Dieser ist jedoch keine Registrierungsgeb\u00fchr, sondern steht dir nachher als Startguthaben zur Verf\u00fcgung. Auch beim Wechsel des Zahlungsmittels wird dieser 1 Euro abgezogen, um auch das neue Zahlungsmittel zu verifizieren.<br \/>\n[\/vc_column_text][\/vc_tta_section][\/vc_tta_accordion][\/vc_column][\/vc_row][vc_row ppi_row_padding=&#8220;ppi_remove_padding_bottom&#8220; ppi_row_type=&#8220;ppi_bg_black&#8220; full_width=&#8220;stretch_row&#8220; css=&#8220;.vc_custom_1777386237666{background-color: #000000 !important;}&#8220;][vc_column][vc_column_text css=&#8220;&#8220;]<\/p>\n<h3>Kundenkonto<\/h3>\n<p>[\/vc_column_text][\/vc_column][\/vc_row][vc_row ppi_row_padding=&#8220;ppi_remove_padding_top,ppi_remove_padding_bottom&#8220; ppi_row_type=&#8220;ppi_bg_black&#8220; full_width=&#8220;stretch_row&#8220; css=&#8220;.vc_custom_1777384905225{background-color: #000000 !important;}&#8220;][vc_column width=&#8220;1\/2&#8243;][vc_tta_accordion active_section=&#8220;&#8220;][vc_tta_section title=&#8220;Wieso merkt sich mein Konto meine PayPal-Verbindung nicht?&#8220; tab_id=&#8220;1777381930043-223bd9b9-6a8f948a-f7aa&#8220;][vc_column_text css=&#8220;&#8220;]<span data-sheets-root=\"1\">Dein PayPal-Konto ist wahrscheinlich nicht verifiziert. Mehr Infos dazu gibt\u2019s auf PayPal.<\/span>[\/vc_column_text][\/vc_tta_section][vc_tta_section title=&#8220;Wann erhalte ich meine Rechnungen?&#8220; tab_id=&#8220;1777381930052-edd83f6b-62bd948a-f7aa&#8220;][vc_column_text css=&#8220;&#8220;]Rechnungen werden vom Betreiber nextbike nach jeder Fahrt per Email versandt und k\u00f6nnen beim MyRadl-Support unter <a href=\"tel:+4989 2230341\">+49 89 12230341<\/a> oder \u00fcber das <a href=\"https:\/\/www.myradl.de\/de\/kontakt\/\">MyRadl-Kontaktformular<\/a> angefordert werden. Entsprechende Hinweise findest du auch in der MVV-App im Men\u00fcpunkt &#8222;MyRadl&#8220; in deiner zur\u00fcckliegenden Ausleihe.[\/vc_column_text][\/vc_tta_section][vc_tta_section title=&#8220;Wie kann ich mein Kundenkonto k\u00fcndigen und was passiert mit meinem Restguthaben?&#8220; tab_id=&#8220;1777382028801-96791bda-9258948a-f7aa&#8220;][vc_column_text css=&#8220;&#8220;]Um dein Nutzerkonto f\u00fcr MyRadl zu l\u00f6schen, kannst du im Men\u00fcpunkt &#8222;Profil und Zugangsdaten&#8220; die Nutzung von MyRadl deaktivieren. Damit wird dein MyRadl Kundenkonto gel\u00f6scht, sofern du keine offenen Ausleihen, Reservierungen oder Zahlungen hast. M\u00f6chtest du dagegen deine komplette MVV-ID l\u00f6schen, kannst du dies unter &#8222;Login Daten \u00e4ndern&#8220; tun. Bitte beachte: Mit der L\u00f6schung der MVV-ID kannst du MVVswipe nicht mehr nutzen, keine On-Demand Services mehr buchen und keine Sitzpl\u00e4tze im BergBus mehr reservieren.[\/vc_column_text][\/vc_tta_section][vc_tta_section title=&#8220;Wie bezahle ich f\u00fcr MyRadl, wie wird abgerechnet und wo kann ich die Rechnungen zu meinen Fahrten abrufen?&#8220; tab_id=&#8220;1777382111688-0a63e03f-10d8948a-f7aa&#8220;][vc_column_text css=&#8220;&#8220;]Wenn du als Zahlungsweise eine Kreditkarte angegeben hast, werden die Geb\u00fchren f\u00fcr deine Fahrten in der Regel 24 Stunden nach deiner Ausleihe abgebucht.<\/p>\n<p>Bei der Zahlungsweise Lastschrift buchen wir die offenen Geb\u00fchren monatlich von deinem Bankkonto ab.<\/p>\n<p>Im Men\u00fcpunkt &#8222;MyRadl&#8220; der MVV-App findest du deine zur\u00fcckliegenden Ausleihen sowie die jeweiligen Kosten. Hier findest du auch die Kontaktdaten f\u00fcr eine Rechnungsanfrage (Rechnungen werden vom Betreiber nextbike nur f\u00fcr SEPA-Zahlungen ausgestellt).[\/vc_column_text][\/vc_tta_section][\/vc_tta_accordion][\/vc_column][vc_column width=&#8220;1\/2&#8243;][vc_tta_accordion active_section=&#8220;&#8220;][vc_tta_section title=&#8220;Was passiert mit meinen Daten?&#8220; tab_id=&#8220;1777386019459-06e6e540-a4bf948a-f7aa&#8220;][vc_column_text css=&#8220;&#8220;]F\u00fcr die Nutzung von MyRadl gelten die Datenschutzbestimmungen des Betreibers nextbike. Diese findest du hier: <a class=\"in-cell-link\" href=\"https:\/\/www.myradl.de\/de\/datenschutz\/\" target=\"_blank\" rel=\"noopener\">Datenschutz<\/a>[\/vc_column_text][\/vc_tta_section][vc_tta_section title=&#8220;Wie kann ich meine Kontaktdaten \u00e4ndern?&#8220; tab_id=&#8220;1777386019484-c6ae61bc-cdc7948a-f7aa&#8220;][vc_column_text css=&#8220;&#8220;]Deine Kontaktdaten passt du \u00fcber deine MVV-ID im Men\u00fcpunkt &#8222;Profil und Zugangsdaten&#8220;, Unterpunkt &#8222;Pers\u00f6nliche Daten \u00e4ndern&#8220; an. Beachte bitte, dass diese \u00c4nderungen auch f\u00fcr MVVswipe und On-Demand Services \u00fcbernommen werden.[\/vc_column_text][\/vc_tta_section][vc_tta_section title=&#8220;Wie kann ich meine Telefonnummer \u00e4ndern?&#8220; tab_id=&#8220;1777386019514-30da6827-b6bf948a-f7aa&#8220;][vc_column_text css=&#8220;&#8220;]Du kannst deine Telefonnummer direkt in deiner MVV-ID \u00e4ndern. Gehe dazu einfach im Men\u00fcpunkt &#8222;Profil und Zugangsdaten&#8220; auf &#8222;Pers\u00f6nliche Daten \u00e4ndern&#8220; und passe die Telefonnummer an.[\/vc_column_text][\/vc_tta_section][\/vc_tta_accordion][\/vc_column][\/vc_row][vc_row ppi_row_padding=&#8220;ppi_remove_padding_bottom&#8220; ppi_row_type=&#8220;ppi_bg_black&#8220; full_width=&#8220;stretch_row&#8220; css=&#8220;.vc_custom_1777386241955{background-color: #000000 !important;}&#8220;][vc_column][vc_column_text css=&#8220;&#8220;]<\/p>\n<h3><span data-sheets-root=\"1\">Ausleihe, Parken und R\u00fcckgabe<\/span><\/h3>\n<p>[\/vc_column_text][\/vc_column][\/vc_row][vc_row ppi_row_padding=&#8220;ppi_remove_padding_top,ppi_remove_padding_bottom&#8220; ppi_row_type=&#8220;ppi_bg_black&#8220; full_width=&#8220;stretch_row&#8220; css=&#8220;.vc_custom_1777386179856{background-color: #000000 !important;}&#8220;][vc_column width=&#8220;1\/2&#8243;][vc_tta_accordion active_section=&#8220;&#8220;][vc_tta_section title=&#8220;Kann ich MyRadl w\u00e4hrend der Ausleihe parken?&#8220; tab_id=&#8220;1777386182561-2d97f4f4-4aac948a-f7aa&#8220;][vc_column_text css=&#8220;&#8220;]Ja, das kannst du. Klicke dazu auf die aktive Ausleihe in der MVV-App und auf &#8222;Ausleihe pausieren&#8220;. Im Anschluss schlie\u00dfe bitte das Schloss. Um die pausierte Ausleihe wieder aufzunehmen klicke auf &#8222;Ausleihe wiederaufnehmen&#8220;. Das Schloss \u00f6ffnet sich automatisch.<\/p>\n<p>Die Ausleihe l\u00e4uft w\u00e4hrend des Pausierens weiter und wird identisch berechnet.<\/p>\n<p>Generell gilt, dass niemand durch das pausierte Fahrrad behindert werden darf.<\/p>\n<p>Hierzu beachte bitte folgendes: Das Rad darf nicht pausiert werden:<\/p>\n<p>a) an Verkehrsampeln<br \/>\nb) an Parkscheinautomaten oder Parkuhren<br \/>\nc) an Stra\u00dfenschildern<br \/>\nd) auf Gehwegen, wenn dadurch eine Durchgangsbreite von 1,50 m unterschritten wird<br \/>\ne) vor, an und auf Rettungswegen und Feuerwehranfahrtszonen<br \/>\nf) wenn dadurch die station\u00e4re Werbung eines Dritten verdeckt wird<br \/>\ng) durch Abschlie\u00dfen an Z\u00e4unen von privaten oder \u00f6ffentlichen H\u00e4usern und Einrichtungen<br \/>\nh) auf Bahn- und Bussteigen des \u00d6PNV<br \/>\ni) an \u00f6ffentlichen Fahrradst\u00e4ndern[\/vc_column_text][\/vc_tta_section][vc_tta_section title=&#8220;Kann ich mehrere R\u00e4der \u00fcber ein Kundenkonto ausleihen?&#8220; tab_id=&#8220;1777386182594-d3d2e68b-0f94948a-f7aa&#8220;][vc_column_text css=&#8220;&#8220;]<span data-sheets-root=\"1\">Auf ein Kundenkonto kannst du bis zu vier R\u00e4der auf einmal ausleihen. Gebuchte Tarife und Sonderkonditionen gelten i.d.R. jedoch nur f\u00fcr das erste Rad.<\/span>[\/vc_column_text][\/vc_tta_section][vc_tta_section title=&#8220;Das Rahmenschloss \u00f6ffnet nicht. Was soll ich tun?&#8220; tab_id=&#8220;1777386182632-b1ab120a-7b10948a-f7aa&#8220;][vc_column_text css=&#8220;&#8220;]\u00dcberpr\u00fcfe zun\u00e4chst, ob eine Speiche das Schloss blockiert, indem du das Hinterrad etwas drehst. Falls sich das Schloss nicht \u00f6ffnet, folge dem Dialog in der aktiven Ausleihe. Falls dies nicht hilft, wende dich bitte an den MyRadl-Kundendialog.[\/vc_column_text][\/vc_tta_section][\/vc_tta_accordion][\/vc_column][vc_column width=&#8220;1\/2&#8243;][vc_tta_accordion active_section=&#8220;&#8220;][vc_tta_section title=&#8220;Kann ich ein MyRadl reservieren?&#8220; tab_id=&#8220;1777383246744-d149aecb-89a1948a-f7aa&#8220;][vc_column_text css=&#8220;&#8220;]Ja, R\u00e4der k\u00f6nnen per App f\u00fcr max. 15 Minuten reserviert werden.<\/p>\n<p>Um in der MVV-App ein Radl zu reservieren, suche dir \u00fcber die Karte den MyRadl-Standort aus, von dem du losfahren m\u00f6chtest und pr\u00fcfe, ob dort ein Fahrrad verf\u00fcgbar ist. Klicke anschlie\u00dfend auf &#8222;Reservieren&#8220; und w\u00e4hle die Anzahl der Fahrr\u00e4der aus, die du reservieren m\u00f6chtest. Hierbei wird nur die Anzahl der Fahrr\u00e4der reserviert, kein spezifisches Fahrrad. Vor Ort hast du dann die freie Wahl, welches Fahrrad des MyRadl-Standorts du ausleihst.[\/vc_column_text][\/vc_tta_section][vc_tta_section title=&#8220;Wie unterscheide ich einen offiziellen Ausleih-Standort von lose abgestellten R\u00e4dern?&#8220; tab_id=&#8220;1777383305602-92ceee1f-7c82948a-f7aa&#8220;][vc_column_text css=&#8220;&#8220;]MyRadl-Standorte werden in der MVV-App durch eindeutige Symbole in der Karte angezeigt. Beim Klick auf einen Standort siehst du alle Fahrr\u00e4der, die aktuell an diesem Standort vorhanden sind.<\/p>\n<p><img loading=\"lazy\" decoding=\"async\" class=\"size-full wp-image-993 alignleft\" src=\"https:\/\/www.myradl.de\/wp-content\/uploads\/sites\/109\/2026\/05\/map_modesharer_myradl_mixed_station_full.png\" alt=\"MVV-App Icon f\u00fcr einen MyRadl Standort auf der Standortekarte\" width=\"109\" height=\"70\" \/><\/p>\n<p>&nbsp;<\/p>\n<p>&nbsp;<\/p>\n<p>Fahrr\u00e4der, die au\u00dferhalb von Standorten abgestellt wurden, werden in unserer App mit einem einzelnen Fahrradsymbol dargestellt und sind keinem MyRadl-Standort zugeordnet.<\/p>\n<p><img loading=\"lazy\" decoding=\"async\" class=\"size-full wp-image-995 alignleft\" src=\"https:\/\/www.myradl.de\/wp-content\/uploads\/sites\/109\/2026\/05\/map_modesharer_myradl.png\" alt=\"MVV-App Icon f\u00fcr ein einzelnes MyRadl Fahrrad auf der Standortekarte\" width=\"109\" height=\"70\" \/><\/p>\n<p>&nbsp;<\/p>\n<p>&nbsp;<\/p>\n<p>Wichtig: Die R\u00fcckgabe au\u00dferhalb von Standorten wird mit einer Servicegeb\u00fchr geahndet.[\/vc_column_text][\/vc_tta_section][\/vc_tta_accordion][\/vc_column][\/vc_row][vc_row ppi_row_padding=&#8220;ppi_remove_padding_bottom&#8220; ppi_row_type=&#8220;ppi_bg_black&#8220; full_width=&#8220;stretch_row&#8220; css=&#8220;.vc_custom_1777386241955{background-color: #000000 !important;}&#8220;][vc_column][vc_column_text css=&#8220;&#8220;]<\/p>\n<h3><span data-sheets-root=\"1\">Tarife und Konditionen<\/span><\/h3>\n<p>[\/vc_column_text][\/vc_column][\/vc_row][vc_row ppi_row_padding=&#8220;ppi_remove_padding_top&#8220; ppi_row_type=&#8220;ppi_bg_black&#8220; full_width=&#8220;stretch_row&#8220; css=&#8220;.vc_custom_1777388218900{background-color: #000000 !important;}&#8220;][vc_column width=&#8220;1\/2&#8243;][vc_tta_accordion active_section=&#8220;&#8220;][vc_tta_section title=&#8220;Wie verkn\u00fcpfe ich mein MyRadl-Konto mit einem Partner, um von Sonderkonditionen zu profitieren? Wo gilt die Verg\u00fcnstigung \u00fcberall?&#8220; tab_id=&#8220;1777386320824-a4f1fa8a-4a1a948a-f7aa&#8220;][vc_column_text css=&#8220;&#8220;]In der MVV-App kannst du dein Deutschlandticket oder MVV-Abo, das du beim MVV, der MVG oder der S-Bahn gekauft hast, unter &#8222;Abo hinterlegen&#8220; verkn\u00fcpfen.<\/p>\n<p>Die Verg\u00fcnstigung gilt i.d.R. nur f\u00fcr das erste Rad, sollten mehrere R\u00e4der parallel geliehen werden. Die genauen Konditionen k\u00f6nnen auf der Preise- oder Partnerseite der MyRadl-Webseite nachgelesen werden.[\/vc_column_text][\/vc_tta_section][\/vc_tta_accordion][\/vc_column][vc_column width=&#8220;1\/2&#8243;][\/vc_column][\/vc_row]<\/p>\n<\/div>","protected":false},"excerpt":{"rendered":"<p>[vc_row][vc_column width=&#8220;2\/5&#8243;][vc_single_image image=&#8220;1002&#8243; img_size=&#8220;full&#8220; alignment=&#8220;right&#8220; css=&#8220;.vc_custom_1777987229165{border-radius: 10px !important;}&#8220;][\/vc_column][vc_column width=&#8220;3\/5&#8243;][vc_column_text css=&#8220;&#8220;] Frequently Asked Questions \u2192 MVV App [\/vc_column_text][vc_row_inner][vc_column_inner width=&#8220;1\/6&#8243;][\/vc_column_inner][vc_column_inner width=&#8220;5\/6&#8243;][vc_column_text css=&#8220;&#8220;]Deine Frage ist nicht dabei? Dann schau in den FAQ vom MVV nach.[\/vc_column_text][\/vc_column_inner][\/vc_row_inner][\/vc_column][\/vc_row][vc_row ppi_row_padding=&#8220;ppi_remove_padding_bottom&#8220; ppi_row_type=&#8220;ppi_bg_black&#8220; full_width=&#8220;stretch_row&#8220; css=&#8220;.vc_custom_1777386117724{background-color: #000000 !important;}&#8220;][vc_column][vc_column_text css=&#8220;&#8220;] Registrierung [\/vc_column_text][\/vc_column][\/vc_row][vc_row ppi_row_padding=&#8220;ppi_remove_padding_top,ppi_remove_padding_bottom&#8220; ppi_row_type=&#8220;ppi_bg_black&#8220; full_width=&#8220;stretch_row&#8220; css=&#8220;.vc_custom_1777384905225{background-color: #000000 !important;}&#8220;][vc_column width=&#8220;1\/2&#8243;][vc_tta_accordion color=&#8220;white&#8220; active_section=&#8220;0&#8243; collapsible_all=&#8220;true&#8220;][vc_tta_section title=&#8220;Wie aktiviere ich mein [&hellip;]<\/p>\n","protected":false},"author":13,"featured_media":0,"parent":0,"menu_order":0,"comment_status":"closed","ping_status":"closed","template":"page-bubble.php","meta":{"_acf_changed":false,"inline_featured_image":false,"footnotes":""},"class_list":["post-935","page","type-page","status-publish","hentry"],"acf":[],"yoast_head":"<!-- This site is optimized with the Yoast SEO plugin v27.2 - https:\/\/yoast.com\/product\/yoast-seo-wordpress\/ -->\n<title>FAQ MVV App | MyRadl<\/title>\n<meta name=\"description\" content=\"Hier findest du die h\u00e4ufigsten Fragen und passenden Antworten rund um die Nutzung der MVV App f\u00fcr MyRadl.\" \/>\n<meta name=\"robots\" content=\"index, follow, max-snippet:-1, max-image-preview:large, max-video-preview:-1\" \/>\n<link rel=\"canonical\" href=\"https:\/\/www.myradl.de\/de\/faq-mvv-app\/\" \/>\n<meta property=\"og:locale\" content=\"de_DE\" \/>\n<meta property=\"og:type\" content=\"article\" \/>\n<meta property=\"og:title\" content=\"FAQ MVV App | MyRadl\" \/>\n<meta property=\"og:description\" content=\"Hier findest du die h\u00e4ufigsten Fragen und passenden Antworten rund um die Nutzung der MVV App f\u00fcr MyRadl.\" \/>\n<meta property=\"og:url\" content=\"https:\/\/www.myradl.de\/de\/faq-mvv-app\/\" \/>\n<meta property=\"og:site_name\" content=\"Myradl - M\u00fcnchen\" \/>\n<meta property=\"article:modified_time\" content=\"2026-05-07T12:43:45+00:00\" \/>\n<meta property=\"og:image\" content=\"https:\/\/www.myradl.de\/wp-content\/uploads\/sites\/109\/2026\/05\/map_modesharer_myradl_mixed_station_full.png\" \/>\n<meta name=\"twitter:card\" content=\"summary_large_image\" \/>\n<meta name=\"twitter:label1\" content=\"Gesch\u00e4tzte Lesezeit\" \/>\n\t<meta name=\"twitter:data1\" content=\"9\u00a0Minuten\" \/>\n<script type=\"application\/ld+json\" class=\"yoast-schema-graph\">{\"@context\":\"https:\/\/schema.org\",\"@graph\":[{\"@type\":\"WebPage\",\"@id\":\"https:\/\/www.myradl.de\/de\/faq-mvv-app\/\",\"url\":\"https:\/\/www.myradl.de\/de\/faq-mvv-app\/\",\"name\":\"FAQ MVV App | MyRadl\",\"isPartOf\":{\"@id\":\"https:\/\/www.myradl.de\/de\/#website\"},\"primaryImageOfPage\":{\"@id\":\"https:\/\/www.myradl.de\/de\/faq-mvv-app\/#primaryimage\"},\"image\":{\"@id\":\"https:\/\/www.myradl.de\/de\/faq-mvv-app\/#primaryimage\"},\"thumbnailUrl\":\"https:\/\/www.myradl.de\/wp-content\/uploads\/sites\/109\/2026\/05\/map_modesharer_myradl_mixed_station_full.png\",\"datePublished\":\"2026-04-28T12:41:07+00:00\",\"dateModified\":\"2026-05-07T12:43:45+00:00\",\"description\":\"Hier findest du die h\u00e4ufigsten Fragen und passenden Antworten rund um die Nutzung der MVV App f\u00fcr MyRadl.\",\"breadcrumb\":{\"@id\":\"https:\/\/www.myradl.de\/de\/faq-mvv-app\/#breadcrumb\"},\"inLanguage\":\"de\",\"potentialAction\":[{\"@type\":\"ReadAction\",\"target\":[\"https:\/\/www.myradl.de\/de\/faq-mvv-app\/\"]}]},{\"@type\":\"ImageObject\",\"inLanguage\":\"de\",\"@id\":\"https:\/\/www.myradl.de\/de\/faq-mvv-app\/#primaryimage\",\"url\":\"https:\/\/www.myradl.de\/wp-content\/uploads\/sites\/109\/2026\/05\/map_modesharer_myradl_mixed_station_full.png\",\"contentUrl\":\"https:\/\/www.myradl.de\/wp-content\/uploads\/sites\/109\/2026\/05\/map_modesharer_myradl_mixed_station_full.png\"},{\"@type\":\"BreadcrumbList\",\"@id\":\"https:\/\/www.myradl.de\/de\/faq-mvv-app\/#breadcrumb\",\"itemListElement\":[{\"@type\":\"ListItem\",\"position\":1,\"name\":\"Startseite\",\"item\":\"https:\/\/www.myradl.de\/de\/\"},{\"@type\":\"ListItem\",\"position\":2,\"name\":\"MVV App\"}]},{\"@type\":\"WebSite\",\"@id\":\"https:\/\/www.myradl.de\/de\/#website\",\"url\":\"https:\/\/www.myradl.de\/de\/\",\"name\":\"Myradl - M\u00fcnchen\",\"description\":\"Bike Sharing by nextbike\",\"potentialAction\":[{\"@type\":\"SearchAction\",\"target\":{\"@type\":\"EntryPoint\",\"urlTemplate\":\"https:\/\/www.myradl.de\/de\/?s={search_term_string}\"},\"query-input\":{\"@type\":\"PropertyValueSpecification\",\"valueRequired\":true,\"valueName\":\"search_term_string\"}}],\"inLanguage\":\"de\"}]}<\/script>\n<!-- \/ Yoast SEO plugin. -->","yoast_head_json":{"title":"FAQ MVV App | MyRadl","description":"Hier findest du die h\u00e4ufigsten Fragen und passenden Antworten rund um die Nutzung der MVV App f\u00fcr MyRadl.","robots":{"index":"index","follow":"follow","max-snippet":"max-snippet:-1","max-image-preview":"max-image-preview:large","max-video-preview":"max-video-preview:-1"},"canonical":"https:\/\/www.myradl.de\/de\/faq-mvv-app\/","og_locale":"de_DE","og_type":"article","og_title":"FAQ MVV App | MyRadl","og_description":"Hier findest du die h\u00e4ufigsten Fragen und passenden Antworten rund um die Nutzung der MVV App f\u00fcr MyRadl.","og_url":"https:\/\/www.myradl.de\/de\/faq-mvv-app\/","og_site_name":"Myradl - M\u00fcnchen","article_modified_time":"2026-05-07T12:43:45+00:00","og_image":[{"url":"https:\/\/www.myradl.de\/wp-content\/uploads\/sites\/109\/2026\/05\/map_modesharer_myradl_mixed_station_full.png","type":"","width":"","height":""}],"twitter_card":"summary_large_image","twitter_misc":{"Gesch\u00e4tzte Lesezeit":"9\u00a0Minuten"},"schema":{"@context":"https:\/\/schema.org","@graph":[{"@type":"WebPage","@id":"https:\/\/www.myradl.de\/de\/faq-mvv-app\/","url":"https:\/\/www.myradl.de\/de\/faq-mvv-app\/","name":"FAQ MVV App | MyRadl","isPartOf":{"@id":"https:\/\/www.myradl.de\/de\/#website"},"primaryImageOfPage":{"@id":"https:\/\/www.myradl.de\/de\/faq-mvv-app\/#primaryimage"},"image":{"@id":"https:\/\/www.myradl.de\/de\/faq-mvv-app\/#primaryimage"},"thumbnailUrl":"https:\/\/www.myradl.de\/wp-content\/uploads\/sites\/109\/2026\/05\/map_modesharer_myradl_mixed_station_full.png","datePublished":"2026-04-28T12:41:07+00:00","dateModified":"2026-05-07T12:43:45+00:00","description":"Hier findest du die h\u00e4ufigsten Fragen und passenden Antworten rund um die Nutzung der MVV App f\u00fcr MyRadl.","breadcrumb":{"@id":"https:\/\/www.myradl.de\/de\/faq-mvv-app\/#breadcrumb"},"inLanguage":"de","potentialAction":[{"@type":"ReadAction","target":["https:\/\/www.myradl.de\/de\/faq-mvv-app\/"]}]},{"@type":"ImageObject","inLanguage":"de","@id":"https:\/\/www.myradl.de\/de\/faq-mvv-app\/#primaryimage","url":"https:\/\/www.myradl.de\/wp-content\/uploads\/sites\/109\/2026\/05\/map_modesharer_myradl_mixed_station_full.png","contentUrl":"https:\/\/www.myradl.de\/wp-content\/uploads\/sites\/109\/2026\/05\/map_modesharer_myradl_mixed_station_full.png"},{"@type":"BreadcrumbList","@id":"https:\/\/www.myradl.de\/de\/faq-mvv-app\/#breadcrumb","itemListElement":[{"@type":"ListItem","position":1,"name":"Startseite","item":"https:\/\/www.myradl.de\/de\/"},{"@type":"ListItem","position":2,"name":"MVV App"}]},{"@type":"WebSite","@id":"https:\/\/www.myradl.de\/de\/#website","url":"https:\/\/www.myradl.de\/de\/","name":"Myradl - M\u00fcnchen","description":"Bike Sharing by nextbike","potentialAction":[{"@type":"SearchAction","target":{"@type":"EntryPoint","urlTemplate":"https:\/\/www.myradl.de\/de\/?s={search_term_string}"},"query-input":{"@type":"PropertyValueSpecification","valueRequired":true,"valueName":"search_term_string"}}],"inLanguage":"de"}]}},"_links":{"self":[{"href":"https:\/\/www.myradl.de\/de\/wp-json\/wp\/v2\/pages\/935","targetHints":{"allow":["GET"]}}],"collection":[{"href":"https:\/\/www.myradl.de\/de\/wp-json\/wp\/v2\/pages"}],"about":[{"href":"https:\/\/www.myradl.de\/de\/wp-json\/wp\/v2\/types\/page"}],"author":[{"embeddable":true,"href":"https:\/\/www.myradl.de\/de\/wp-json\/wp\/v2\/users\/13"}],"replies":[{"embeddable":true,"href":"https:\/\/www.myradl.de\/de\/wp-json\/wp\/v2\/comments?post=935"}],"version-history":[{"count":11,"href":"https:\/\/www.myradl.de\/de\/wp-json\/wp\/v2\/pages\/935\/revisions"}],"predecessor-version":[{"id":1039,"href":"https:\/\/www.myradl.de\/de\/wp-json\/wp\/v2\/pages\/935\/revisions\/1039"}],"wp:attachment":[{"href":"https:\/\/www.myradl.de\/de\/wp-json\/wp\/v2\/media?parent=935"}],"curies":[{"name":"wp","href":"https:\/\/api.w.org\/{rel}","templated":true}]}}