{"id":937,"date":"2026-04-28T14:41:30","date_gmt":"2026-04-28T12:41:30","guid":{"rendered":"https:\/\/www.myradl.de\/?page_id=937"},"modified":"2026-05-11T11:24:15","modified_gmt":"2026-05-11T09:24:15","slug":"faq-mvgo-app","status":"publish","type":"page","link":"https:\/\/www.myradl.de\/de\/faq-mvgo-app\/","title":{"rendered":"MVGO App"},"content":{"rendered":"<div class=\"wpb-content-wrapper\"><p>[vc_row][vc_column width=&#8220;2\/5&#8243;][vc_single_image image=&#8220;1016&#8243; img_size=&#8220;full&#8220; alignment=&#8220;right&#8220; css=&#8220;.vc_custom_1778074819942{border-radius: 10px !important;}&#8220;][\/vc_column][vc_column width=&#8220;3\/5&#8243;][vc_column_text css=&#8220;&#8220;]<\/p>\n<h1 style=\"text-align: left;\">Frequently<br \/>\nAsked<br \/>\nQuestions<\/h1>\n<h3>\u2192 MVGO App<\/h3>\n<p>[\/vc_column_text][vc_row_inner][vc_column_inner width=&#8220;1\/6&#8243;][\/vc_column_inner][vc_column_inner width=&#8220;5\/6&#8243;][vc_column_text css=&#8220;&#8220;]Deine Frage ist nicht dabei? Dann schau im <a href=\"https:\/\/www.mvg.de\/kundenportal.html\" target=\"_blank\" rel=\"noopener\">MVG Kundenprotal<\/a> vorbei.[\/vc_column_text][\/vc_column_inner][\/vc_row_inner][\/vc_column][\/vc_row][vc_row ppi_row_padding=&#8220;ppi_remove_padding_bottom&#8220; ppi_row_type=&#8220;ppi_bg_black&#8220; full_width=&#8220;stretch_row&#8220; css=&#8220;.vc_custom_1777386117724{background-color: #000000 !important;}&#8220;][vc_column][vc_column_text css=&#8220;&#8220;]<\/p>\n<h3>Registrierung<\/h3>\n<p>[\/vc_column_text][\/vc_column][\/vc_row][vc_row ppi_row_padding=&#8220;ppi_remove_padding_top,ppi_remove_padding_bottom&#8220; ppi_row_type=&#8220;ppi_bg_black&#8220; full_width=&#8220;stretch_row&#8220; css=&#8220;.vc_custom_1777384905225{background-color: #000000 !important;}&#8220;][vc_column width=&#8220;1\/2&#8243;][vc_tta_accordion color=&#8220;white&#8220; active_section=&#8220;0&#8243; collapsible_all=&#8220;true&#8220;][vc_tta_section title=&#8220;Wie aktiviere ich mein Konto?&#8220; tab_id=&#8220;1777381834913-4dec6a00-26efafea-cd49&#8243;][vc_column_text css=&#8220;&#8220;]Um MyRadl in der MVGO App nutzen zu k\u00f6nnen, ben\u00f6tigst du einen aktiven M-Login und ein g\u00fcltiges Zahlungsmittel. Der M-Login ist Voraussetzung f\u00fcr Ausleihe, Abrechnung und Support von MyRadl. Ohne aktiven M-Login ist die Nutzung von MyRadl nicht m\u00f6glich.[\/vc_column_text][\/vc_tta_section][vc_tta_section title=&#8220;K\u00f6nnen Minderj\u00e4hrige MyRadl nutzen?&#8220; tab_id=&#8220;1777988448289-97c6886e-9272&#8243;][vc_column_text css=&#8220;&#8220;]Nein. F\u00fcr die Registrierung und Nutzung von MyRadl musst du bei MVGO mindestens 18 Jahre alt und voll gesch\u00e4ftsf\u00e4hig sein. Das dient unter anderem der rechtssicheren Abrechnung und der klaren Zuordnung von Verantwortung.[\/vc_column_text][\/vc_tta_section][\/vc_tta_accordion][\/vc_column][vc_column width=&#8220;1\/2&#8243;][vc_tta_accordion color=&#8220;white&#8220; active_section=&#8220;0&#8243; collapsible_all=&#8220;true&#8220;][vc_tta_section title=&#8220;Warum muss ich 1 Euro \u00fcberweisen, obwohl die Registrierung kostenlos ist?&#8220; tab_id=&#8220;1777384439258-0f13dfdc-1863afea-cd49&#8243;][vc_column_text css=&#8220;&#8220;]<span data-sheets-root=\"1\">Um dein Zahlungsmittel zu verifizieren und damit dein Konto freizuschalten, wird dein Bankkonto mit 1 Euro belastet. Dieser ist jedoch keine Registrierungsgeb\u00fchr, sondern steht dir nachher als Startguthaben zur Verf\u00fcgung. Auch beim Wechsel des Zahlungsmittels wird dieser 1 Euro abgezogen, um auch das neue Zahlungsmittel zu verifizieren.<\/span>[\/vc_column_text][\/vc_tta_section][\/vc_tta_accordion][\/vc_column][\/vc_row][vc_row ppi_row_padding=&#8220;ppi_remove_padding_bottom&#8220; ppi_row_type=&#8220;ppi_bg_black&#8220; full_width=&#8220;stretch_row&#8220; css=&#8220;.vc_custom_1777386237666{background-color: #000000 !important;}&#8220;][vc_column][vc_column_text css=&#8220;&#8220;]<\/p>\n<h3>Kundenkonto<\/h3>\n<p>[\/vc_column_text][\/vc_column][\/vc_row][vc_row ppi_row_padding=&#8220;ppi_remove_padding_top,ppi_remove_padding_bottom&#8220; ppi_row_type=&#8220;ppi_bg_black&#8220; full_width=&#8220;stretch_row&#8220; css=&#8220;.vc_custom_1777384905225{background-color: #000000 !important;}&#8220;][vc_column width=&#8220;1\/2&#8243;][vc_tta_accordion active_section=&#8220;&#8220;][vc_tta_section title=&#8220;Welche Zahlungsmittel gibt es in der MVGO App?&#8220; tab_id=&#8220;1777381930043-223bd9b9-6a8fafea-cd49&#8243;][vc_column_text css=&#8220;&#8220;]Zum Start von MyRadl steht dir in der MVGO App die Zahlungsart SEPA\u2011Lastschrift zur Verf\u00fcgung. Eine Zahlung per PayPal wird in der MVGO\u2011App nicht angeboten.[\/vc_column_text][\/vc_tta_section][vc_tta_section title=&#8220;Wo kann ich die Rechnungen zu meinen Fahrten abrufen?&#8220; tab_id=&#8220;1777381930052-edd83f6b-62bdafea-cd49&#8243;][vc_column_text css=&#8220;&#8220;]Die Rechnung erh\u00e4ltst du per E\u2011Mail. Zus\u00e4tzlich findest du in der MVGO App in deinem Profil unter \u201eKosten &amp; vergangene Fahrten\u201c eine \u00dcbersicht aller get\u00e4tigten Fahrten, inklusive Preisauskunft.[\/vc_column_text][\/vc_tta_section][vc_tta_section title=&#8220;Wie bezahle ich f\u00fcr MyRadl, wie wird abgerechnet und wo kann ich die Rechnungen zu meinen Fahrten abrufen?&#8220; tab_id=&#8220;1777382111688-0a63e03f-10d8afea-cd49&#8243;][vc_column_text css=&#8220;&#8220;]Bei der Zahlungsweise Lastschrift buchen wir die offenen Geb\u00fchren monatlich von deinem Bankkonto ab.<\/p>\n<p>Deine Ausleihhistorie und detaillierte Transaktionshistorie kannst du jederzeit in deinem Kundenkonto \u00fcber den Website-Login einsehen. Bei SEPA-Lastschrift kann die Rechnung nach jeweiligen Monatsende heruntergeladen werden.[\/vc_column_text][\/vc_tta_section][vc_tta_section title=&#8220;Gibt es Reservierungsbetr\u00e4ge bei der Zahlung und wann wird dieser freigegeben?&#8220; tab_id=&#8220;1777988776302-6cfa3fa2-346a&#8220;][vc_column_text css=&#8220;&#8220;]Bei SEPA\u2011Lastschrift gibt es keine Reservierung.[\/vc_column_text][\/vc_tta_section][\/vc_tta_accordion][\/vc_column][vc_column width=&#8220;1\/2&#8243;][vc_tta_accordion active_section=&#8220;&#8220;][vc_tta_section title=&#8220;Was passiert mit meinen Daten?&#8220; tab_id=&#8220;1777386019459-06e6e540-a4bfafea-cd49&#8243;][vc_column_text css=&#8220;&#8220;]Deine Daten sind bei uns sicher. Sie werden gem\u00e4\u00df der DSGVO verarbeitet und nur genutzt, um dir Tickets und Sharing\u2011Angebote bereitzustellen, Zahlungen korrekt abzuwickeln und Missbrauch zu verhindern.<br \/>\nDer M\u2011Login dient dabei als zentrales Benutzerkonto, \u00fcber das alles \u00fcbersichtlich und gesch\u00fctzt verwaltet wird.<br \/>\nMehr Infos findest du hier: <a href=\"https:\/\/www.mvg.de\/datenschutz-mvgo.html\" target=\"_blank\" rel=\"noopener\">mvg.de\/datenschutz<\/a>[\/vc_column_text][\/vc_tta_section][vc_tta_section title=&#8220;Wie kann ich meine Kontakt- oder Zahldaten \u00e4ndern?&#8220; tab_id=&#8220;1777386019484-c6ae61bc-cdc7afea-cd49&#8243;][vc_column_text css=&#8220;&#8220;]\u00dcber den Men\u00fcpunkt \u201eMehr\u201c in der MVGO App gelangst du zu deinem Profil. Unter \u201ePers\u00f6nliche Daten\u201c kannst du deine Anschrift und Telefonnummer einsehen. Im Bereich \u201eZahlungsmittel\u201c hast du die M\u00f6glichkeit, deine hinterlegten Zahlungsmittel \u00fcber den M\u2011Login zu verwalten.[\/vc_column_text][\/vc_tta_section][vc_tta_section title=&#8220;Gibt es einen Gast\u2011Modus oder eine Nutzung ohne M\u2011Login?&#8220; tab_id=&#8220;1777988695603-6b3d61b7-46e6&#8243;][vc_column_text css=&#8220;&#8220;]Nein, die Nutzung von MyRadl ist nur mit einem aktiven M\u2011Login m\u00f6glich. Wird der M\u2011Login oder die MVGO App gel\u00f6scht, kann MyRadl mit der MVGO App nicht mehr genutzt werden.<br \/>\nDer M\u2011Login ist das zentrale Benutzerkonto der Stadtwerke M\u00fcnchen f\u00fcr unter anderem digitale Mobilit\u00e4tsangebote. In der MVGO App dient der M\u2011Login als Single Sign\u2011On, \u00fcber das \u00d6PNV\u2011Tickets, Sharing\u2011Services, pers\u00f6nliche Daten sowie bevorzugte Zahlungsmittel sicher verwaltet werden.[\/vc_column_text][\/vc_tta_section][vc_tta_section title=&#8220;Was kann ich tun, wenn mein Zahlungsmittel abgelehnt wird?&#8220; tab_id=&#8220;1777988853528-ef181604-4320&#8243;][vc_column_text css=&#8220;&#8220;]<\/p>\n<p class=\"m_-4105204223820700666MsoListParagraph\">Bei der Ablehnung von Lastschrift\u2011Zahlungen wende dich bitte direkt an unseren Zahlungsdienstleister Novalnet:\u00a0<a href=\"https:\/\/www.novalnet.de\/kontakt\" target=\"_blank\" rel=\"noopener\" data-saferedirecturl=\"https:\/\/www.google.com\/url?q=https:\/\/www.novalnet.de\/kontakt&amp;source=gmail&amp;ust=1778574960488000&amp;usg=AOvVaw0shMadl01zSuBnFmweBJc5\">https:\/\/www.novalnet.de\/<wbr \/>kontakt<\/a><u><\/u><u><\/u><\/p>\n<p class=\"m_-4105204223820700666MsoListParagraph\">Generell wird empfohlen, bei einer Ablehnung ein alternatives Zahlungsmittel zu verwenden.<\/p>\n<p>[\/vc_column_text][\/vc_tta_section][\/vc_tta_accordion][\/vc_column][\/vc_row][vc_row ppi_row_padding=&#8220;ppi_remove_padding_bottom&#8220; ppi_row_type=&#8220;ppi_bg_black&#8220; full_width=&#8220;stretch_row&#8220; css=&#8220;.vc_custom_1777386241955{background-color: #000000 !important;}&#8220;][vc_column][vc_column_text css=&#8220;&#8220;]<\/p>\n<h3><span data-sheets-root=\"1\">Ausleihe, Parken und R\u00fcckgabe<\/span><\/h3>\n<p>[\/vc_column_text][\/vc_column][\/vc_row][vc_row ppi_row_padding=&#8220;ppi_remove_padding_top,ppi_remove_padding_bottom&#8220; ppi_row_type=&#8220;ppi_bg_black&#8220; full_width=&#8220;stretch_row&#8220; css=&#8220;.vc_custom_1777386179856{background-color: #000000 !important;}&#8220;][vc_column width=&#8220;1\/2&#8243;][vc_tta_accordion active_section=&#8220;&#8220;][vc_tta_section title=&#8220;Wie funktioniert die Miete eines MyRadl?&#8220; tab_id=&#8220;1777989031267-88c55dd5-d9e0&#8243;][vc_column_text css=&#8220;&#8220;]Um MyRadl zu starten, w\u00e4hle entweder in der MVGO ein verf\u00fcgbares Rad auf der Umgebungskarte aus oder scanne den QR Code am Rad vor Ort. Nach der Best\u00e4tigung beginnt die Miete und das Schloss \u00f6ffnet sich. Beenden kannst du sie, indem du das Rad korrekt an einem offiziellen MyRadl Standort zur\u00fcckgibst und das Schloss schlie\u00dft.<br \/>\nBeachte unbedingt die Sicherheitshinweise vor Beginn deiner Fahrt. Sobald du die Ausleihe in der App startest, l\u00e4uft der Mietvorgang. Um die Miete zu beenden, bringe MyRadl zu einem offiziellen MyRadl Standort, stelle es ordnungsgem\u00e4\u00df ab und schiebe das Rahmenschloss nach unten. In der MVGO siehst du eine Best\u00e4tigung, sobald die Miete erfolgreich beendet wurde.[\/vc_column_text][\/vc_tta_section][vc_tta_section title=&#8220;Wo finde ich R\u00e4der bzw. MyRadl\u2011Standorte?&#8220; tab_id=&#8220;1777990439705-e602aa3a-0aee&#8220;][vc_column_text css=&#8220;&#8220;]Alle MyRadl\u2011Standorte und verf\u00fcgbaren R\u00e4der werden dir in der MVGO App auf der Karte in deiner N\u00e4he angezeigt. Du siehst dort auch, wie viele Classic Bikes oder E\u2011Bikes aktuell verf\u00fcgbar sind.<br \/>\n[\/vc_column_text][\/vc_tta_section][vc_tta_section title=&#8220;Kann ich MyRadl w\u00e4hrend der Ausleihe parken?&#8220; tab_id=&#8220;1777386182561-2d97f4f4-4aacafea-cd49&#8243;][vc_column_text css=&#8220;&#8220;]Nein. Zum Start von MyRadl in der MVGO ist eine Pausierung der Miete noch nicht m\u00f6glich.<br \/>\n[\/vc_column_text][\/vc_tta_section][vc_tta_section title=&#8220;Kann ich mehrere R\u00e4der gleichzeitig ausleihen?&#8220; tab_id=&#8220;1777386182594-d3d2e68b-0f94afea-cd49&#8243;][vc_column_text css=&#8220;&#8220;]Nein. Zu Beginn kannst du in der MVGO pro Kundenkonto nur ein MyRadl gleichzeitig ausleihen.<br \/>\n[\/vc_column_text][\/vc_tta_section][\/vc_tta_accordion][\/vc_column][vc_column width=&#8220;1\/2&#8243;][vc_tta_accordion active_section=&#8220;&#8220;][vc_tta_section title=&#8220;Kann ich ein MyRadl reservieren?&#8220; tab_id=&#8220;1777383246744-d149aecb-89a1afea-cd49&#8243;][vc_column_text css=&#8220;&#8220;]Nein. Zum Start ist in der MVGO keine Reservierung m\u00f6glich. Bitte gehe zu einem MyRadl\u2011Standort und starte die Miete direkt vor Ort, wenn ein Rad verf\u00fcgbar ist.[\/vc_column_text][\/vc_tta_section][vc_tta_section title=&#8220;Wie gebe ich MyRadl korrekt zur\u00fcck und wie erkenne ich die R\u00fcckgabezonen?&#8220; tab_id=&#8220;1777383305602-92ceee1f-7c82afea-cd49&#8243;][vc_column_text css=&#8220;&#8220;]Alle offiziellen R\u00fcckgabe-Standorte werden auf der Umgebungskarte in der MVGO App mit einem \u201eP\u201c gekennzeichnet. Bringe dein Rad zu einer dieser definierten Abstellfl\u00e4chen, stelle es so ab, dass niemand behindert wird, und schlie\u00dfe das Rahmenschloss. Pr\u00fcfe anschlie\u00dfend in der App, ob die R\u00fcckgabe erfolgreich abgeschlossen wurde \u2013 erst dann endet die Abrechnung.<br \/>\nMyRadl\u2011Standorte sind entweder physisch gekennzeichnet (z.\u202fB. durch Stelen, Schilder oder Bodenmarkierungen) oder als rein virtuelle Standorte, die ausschlie\u00dflich in der MVGO App angezeigt werden.<br \/>\nDa virtuelle Standorte vor Ort nicht sichtbar sind, solltest du vor der R\u00fcckgabe immer die MVGO App pr\u00fcfen, um sicherzustellen, dass du dich in einer g\u00fcltigen Abstellfl\u00e4che befindest, um zus\u00e4tzliche Kosten zu vermeiden.[\/vc_column_text][\/vc_tta_section][\/vc_tta_accordion][\/vc_column][\/vc_row][vc_row ppi_row_padding=&#8220;ppi_remove_padding_bottom&#8220; ppi_row_type=&#8220;ppi_bg_black&#8220; full_width=&#8220;stretch_row&#8220; css=&#8220;.vc_custom_1777386241955{background-color: #000000 !important;}&#8220;][vc_column][vc_column_text css=&#8220;&#8220;]<\/p>\n<h3><span data-sheets-root=\"1\">Tarife und Konditionen<\/span><\/h3>\n<p>[\/vc_column_text][\/vc_column][\/vc_row][vc_row ppi_row_padding=&#8220;ppi_remove_padding_top&#8220; ppi_row_type=&#8220;ppi_bg_black&#8220; full_width=&#8220;stretch_row&#8220; css=&#8220;.vc_custom_1777388218900{background-color: #000000 !important;}&#8220;][vc_column width=&#8220;1\/2&#8243;][vc_tta_accordion active_section=&#8220;&#8220;][vc_tta_section title=&#8220;Wie kann ich mein Deutschlandticket oder MVV-Abo in der MVGO hinterlegen?&#8220; tab_id=&#8220;1777386320824-a4f1fa8a-4a1aafea-cd49&#8243;][vc_column_text css=&#8220;&#8220;]Wenn du in der MVGO App mit deinem M\u2011Login angemeldet bist, findest du im Men\u00fc unter \u201eMehr\u201c den Bereich \u201eSharing\u2011Verg\u00fcnstigungen\u201c. Diese findest du auf deinem digitalen Ticket oder, falls du eine Chipkarte besitzt, im MVG-Kundenportal.[\/vc_column_text][\/vc_tta_section][\/vc_tta_accordion][\/vc_column][vc_column width=&#8220;1\/2&#8243;][\/vc_column][\/vc_row]<\/p>\n<\/div>","protected":false},"excerpt":{"rendered":"<p>[vc_row][vc_column width=&#8220;2\/5&#8243;][vc_single_image image=&#8220;1016&#8243; img_size=&#8220;full&#8220; alignment=&#8220;right&#8220; css=&#8220;.vc_custom_1778074819942{border-radius: 10px !important;}&#8220;][\/vc_column][vc_column width=&#8220;3\/5&#8243;][vc_column_text css=&#8220;&#8220;] Frequently Asked Questions \u2192 MVGO App [\/vc_column_text][vc_row_inner][vc_column_inner width=&#8220;1\/6&#8243;][\/vc_column_inner][vc_column_inner width=&#8220;5\/6&#8243;][vc_column_text css=&#8220;&#8220;]Deine Frage ist nicht dabei? Dann schau im MVG Kundenprotal vorbei.[\/vc_column_text][\/vc_column_inner][\/vc_row_inner][\/vc_column][\/vc_row][vc_row ppi_row_padding=&#8220;ppi_remove_padding_bottom&#8220; ppi_row_type=&#8220;ppi_bg_black&#8220; full_width=&#8220;stretch_row&#8220; css=&#8220;.vc_custom_1777386117724{background-color: #000000 !important;}&#8220;][vc_column][vc_column_text css=&#8220;&#8220;] Registrierung [\/vc_column_text][\/vc_column][\/vc_row][vc_row ppi_row_padding=&#8220;ppi_remove_padding_top,ppi_remove_padding_bottom&#8220; ppi_row_type=&#8220;ppi_bg_black&#8220; full_width=&#8220;stretch_row&#8220; css=&#8220;.vc_custom_1777384905225{background-color: #000000 !important;}&#8220;][vc_column width=&#8220;1\/2&#8243;][vc_tta_accordion color=&#8220;white&#8220; active_section=&#8220;0&#8243; collapsible_all=&#8220;true&#8220;][vc_tta_section title=&#8220;Wie aktiviere ich mein Konto?&#8220; tab_id=&#8220;1777381834913-4dec6a00-26efafea-cd49&#8243;][vc_column_text [&hellip;]<\/p>\n","protected":false},"author":13,"featured_media":0,"parent":0,"menu_order":0,"comment_status":"closed","ping_status":"closed","template":"page-bubble.php","meta":{"_acf_changed":false,"inline_featured_image":false,"footnotes":""},"class_list":["post-937","page","type-page","status-publish","hentry"],"acf":[],"yoast_head":"<!-- This site is optimized with the Yoast SEO plugin v27.2 - https:\/\/yoast.com\/product\/yoast-seo-wordpress\/ -->\n<title>FAQ MVGO App | MyRadl<\/title>\n<meta name=\"description\" content=\"Hier findest du die h\u00e4ufigsten Fragen und passenden Antworten rund um die Nutzung der MVGO App f\u00fcr MyRadl.\" \/>\n<meta name=\"robots\" content=\"index, follow, max-snippet:-1, max-image-preview:large, max-video-preview:-1\" \/>\n<link rel=\"canonical\" href=\"https:\/\/www.myradl.de\/de\/faq-mvgo-app\/\" \/>\n<meta property=\"og:locale\" content=\"de_DE\" \/>\n<meta property=\"og:type\" content=\"article\" \/>\n<meta property=\"og:title\" content=\"FAQ MVGO App | MyRadl\" \/>\n<meta property=\"og:description\" content=\"Hier findest du die h\u00e4ufigsten Fragen und passenden Antworten rund um die Nutzung der MVGO App f\u00fcr MyRadl.\" \/>\n<meta property=\"og:url\" content=\"https:\/\/www.myradl.de\/de\/faq-mvgo-app\/\" \/>\n<meta property=\"og:site_name\" content=\"Myradl - M\u00fcnchen\" \/>\n<meta property=\"article:modified_time\" content=\"2026-05-11T09:24:15+00:00\" \/>\n<meta name=\"twitter:card\" content=\"summary_large_image\" \/>\n<meta name=\"twitter:label1\" content=\"Gesch\u00e4tzte Lesezeit\" \/>\n\t<meta name=\"twitter:data1\" content=\"9\u00a0Minuten\" \/>\n<script type=\"application\/ld+json\" class=\"yoast-schema-graph\">{\"@context\":\"https:\/\/schema.org\",\"@graph\":[{\"@type\":\"WebPage\",\"@id\":\"https:\/\/www.myradl.de\/de\/faq-mvgo-app\/\",\"url\":\"https:\/\/www.myradl.de\/de\/faq-mvgo-app\/\",\"name\":\"FAQ MVGO App | MyRadl\",\"isPartOf\":{\"@id\":\"https:\/\/www.myradl.de\/de\/#website\"},\"datePublished\":\"2026-04-28T12:41:30+00:00\",\"dateModified\":\"2026-05-11T09:24:15+00:00\",\"description\":\"Hier findest du die h\u00e4ufigsten Fragen und passenden Antworten rund um die Nutzung der MVGO App f\u00fcr MyRadl.\",\"breadcrumb\":{\"@id\":\"https:\/\/www.myradl.de\/de\/faq-mvgo-app\/#breadcrumb\"},\"inLanguage\":\"de\",\"potentialAction\":[{\"@type\":\"ReadAction\",\"target\":[\"https:\/\/www.myradl.de\/de\/faq-mvgo-app\/\"]}]},{\"@type\":\"BreadcrumbList\",\"@id\":\"https:\/\/www.myradl.de\/de\/faq-mvgo-app\/#breadcrumb\",\"itemListElement\":[{\"@type\":\"ListItem\",\"position\":1,\"name\":\"Startseite\",\"item\":\"https:\/\/www.myradl.de\/de\/\"},{\"@type\":\"ListItem\",\"position\":2,\"name\":\"MVGO App\"}]},{\"@type\":\"WebSite\",\"@id\":\"https:\/\/www.myradl.de\/de\/#website\",\"url\":\"https:\/\/www.myradl.de\/de\/\",\"name\":\"Myradl - M\u00fcnchen\",\"description\":\"Bike Sharing by nextbike\",\"potentialAction\":[{\"@type\":\"SearchAction\",\"target\":{\"@type\":\"EntryPoint\",\"urlTemplate\":\"https:\/\/www.myradl.de\/de\/?s={search_term_string}\"},\"query-input\":{\"@type\":\"PropertyValueSpecification\",\"valueRequired\":true,\"valueName\":\"search_term_string\"}}],\"inLanguage\":\"de\"}]}<\/script>\n<!-- \/ Yoast SEO plugin. -->","yoast_head_json":{"title":"FAQ MVGO App | MyRadl","description":"Hier findest du die h\u00e4ufigsten Fragen und passenden Antworten rund um die Nutzung der MVGO App f\u00fcr MyRadl.","robots":{"index":"index","follow":"follow","max-snippet":"max-snippet:-1","max-image-preview":"max-image-preview:large","max-video-preview":"max-video-preview:-1"},"canonical":"https:\/\/www.myradl.de\/de\/faq-mvgo-app\/","og_locale":"de_DE","og_type":"article","og_title":"FAQ MVGO App | MyRadl","og_description":"Hier findest du die h\u00e4ufigsten Fragen und passenden Antworten rund um die Nutzung der MVGO App f\u00fcr MyRadl.","og_url":"https:\/\/www.myradl.de\/de\/faq-mvgo-app\/","og_site_name":"Myradl - M\u00fcnchen","article_modified_time":"2026-05-11T09:24:15+00:00","twitter_card":"summary_large_image","twitter_misc":{"Gesch\u00e4tzte Lesezeit":"9\u00a0Minuten"},"schema":{"@context":"https:\/\/schema.org","@graph":[{"@type":"WebPage","@id":"https:\/\/www.myradl.de\/de\/faq-mvgo-app\/","url":"https:\/\/www.myradl.de\/de\/faq-mvgo-app\/","name":"FAQ MVGO App | MyRadl","isPartOf":{"@id":"https:\/\/www.myradl.de\/de\/#website"},"datePublished":"2026-04-28T12:41:30+00:00","dateModified":"2026-05-11T09:24:15+00:00","description":"Hier findest du die h\u00e4ufigsten Fragen und passenden Antworten rund um die Nutzung der MVGO App f\u00fcr MyRadl.","breadcrumb":{"@id":"https:\/\/www.myradl.de\/de\/faq-mvgo-app\/#breadcrumb"},"inLanguage":"de","potentialAction":[{"@type":"ReadAction","target":["https:\/\/www.myradl.de\/de\/faq-mvgo-app\/"]}]},{"@type":"BreadcrumbList","@id":"https:\/\/www.myradl.de\/de\/faq-mvgo-app\/#breadcrumb","itemListElement":[{"@type":"ListItem","position":1,"name":"Startseite","item":"https:\/\/www.myradl.de\/de\/"},{"@type":"ListItem","position":2,"name":"MVGO App"}]},{"@type":"WebSite","@id":"https:\/\/www.myradl.de\/de\/#website","url":"https:\/\/www.myradl.de\/de\/","name":"Myradl - M\u00fcnchen","description":"Bike Sharing by nextbike","potentialAction":[{"@type":"SearchAction","target":{"@type":"EntryPoint","urlTemplate":"https:\/\/www.myradl.de\/de\/?s={search_term_string}"},"query-input":{"@type":"PropertyValueSpecification","valueRequired":true,"valueName":"search_term_string"}}],"inLanguage":"de"}]}},"_links":{"self":[{"href":"https:\/\/www.myradl.de\/de\/wp-json\/wp\/v2\/pages\/937","targetHints":{"allow":["GET"]}}],"collection":[{"href":"https:\/\/www.myradl.de\/de\/wp-json\/wp\/v2\/pages"}],"about":[{"href":"https:\/\/www.myradl.de\/de\/wp-json\/wp\/v2\/types\/page"}],"author":[{"embeddable":true,"href":"https:\/\/www.myradl.de\/de\/wp-json\/wp\/v2\/users\/13"}],"replies":[{"embeddable":true,"href":"https:\/\/www.myradl.de\/de\/wp-json\/wp\/v2\/comments?post=937"}],"version-history":[{"count":13,"href":"https:\/\/www.myradl.de\/de\/wp-json\/wp\/v2\/pages\/937\/revisions"}],"predecessor-version":[{"id":1050,"href":"https:\/\/www.myradl.de\/de\/wp-json\/wp\/v2\/pages\/937\/revisions\/1050"}],"wp:attachment":[{"href":"https:\/\/www.myradl.de\/de\/wp-json\/wp\/v2\/media?parent=937"}],"curies":[{"name":"wp","href":"https:\/\/api.w.org\/{rel}","templated":true}]}}