{"id":737,"date":"2026-04-01T09:16:07","date_gmt":"2026-04-01T07:16:07","guid":{"rendered":"https:\/\/nextbike-live.pluspol-networks.de\/myradl\/?page_id=737"},"modified":"2026-04-21T09:15:37","modified_gmt":"2026-04-21T07:15:37","slug":"partners","status":"publish","type":"page","link":"https:\/\/www.myradl.de\/en\/partners\/","title":{"rendered":"Partners"},"content":{"rendered":"<div class=\"wpb-content-wrapper\"><p>[vc_row][vc_column][vc_column_text css=&#8221;&#8221;]<\/p>\n<h1 style=\"text-align: center;\">Partners<\/h1>\n<h4 style=\"text-align: center;\">Public transport subscription benefit<\/h4>\n<p>[\/vc_column_text][\/vc_column][\/vc_row][vc_row ppi_row_padding=&#8221;ppi_remove_padding_top&#8221;][vc_column width=&#8221;1\/6&#8243;][vc_icon icon_fontawesome=&#8221;fa fa-solid fa-ticket&#8221; color=&#8221;custom&#8221; size=&#8221;lg&#8221; css=&#8221;&#8221; custom_color=&#8221;#0065CC&#8221;][\/vc_column][vc_column width=&#8221;5\/6&#8243;][vc_tta_accordion active_section=&#8221;1&#8243; title=&#8221;Validity&#8221;][vc_tta_section title=&#8221;Subscriptions eligible for discounts&#8221; tab_id=&#8221;institutionen7581-60cb108b-8027&#8243;][vc_column_text css=&#8221;&#8221;]Anyone who has purchased their Deutschland-Ticket directly <strong>via the MVV app<\/strong>, or who, as a student at Landshut University of Applied Sciences, holds a reduced-price Deutschland-Ticket from MVV, or who has purchased one of the following season tickets via the <strong>MVG customer portal<\/strong>: D-Ticket, D-Ticket Concessionary Ticket for Apprentices and Students, D-Ticket Job, MVV Subscription, MVV 9 am Subscription, MVV 65 Subscription or MVV Job Subscription.[\/vc_column_text][\/vc_tta_section][\/vc_tta_accordion][\/vc_column][\/vc_row][vc_row ppi_row_padding=&#8221;ppi_remove_padding_top&#8221;][vc_column width=&#8221;1\/6&#8243;][vc_icon icon_fontawesome=&#8221;fa fa-solid fa-link&#8221; color=&#8221;custom&#8221; size=&#8221;lg&#8221; css=&#8221;&#8221; custom_color=&#8221;#0065CC&#8221;][\/vc_column][vc_column width=&#8221;5\/6&#8243;][vc_tta_accordion active_section=&#8221;1&#8243; title=&#8221;Verkn\u00fcpfung&#8221;][vc_tta_section title=&#8221;How it works&#8221; tab_id=&#8221;institutionen7581-60cb108b-8027&#8243;][vc_column_text css=&#8221;&#8221;]Link your MVV-D ticket, MVV season ticket or MVG-D ticket in the nextbike app. Open the Wallet and select your public transport ticket. Enter your season ticket number and your date of birth. You\u2019ll then be able to cycle for 30 minutes free of charge on this and all subsequent rentals.<\/p>\n<p>By the way, you can also add your public transport discounts to the MVV app or the MVGO app. Please note that your subscription can only be linked to one of these apps.[\/vc_column_text][\/vc_tta_section][\/vc_tta_accordion][\/vc_column][\/vc_row][vc_row ppi_row_padding=&#8221;ppi_remove_padding_top&#8221;][vc_column width=&#8221;1\/6&#8243;][vc_icon icon_fontawesome=&#8221;fa fa-solid fa-tags&#8221; color=&#8221;custom&#8221; size=&#8221;lg&#8221; css=&#8221;&#8221; custom_color=&#8221;#0065CC&#8221;][\/vc_column][vc_column width=&#8221;5\/6&#8243;][vc_tta_accordion active_section=&#8221;1&#8243; title=&#8221;Konditionen&#8221;][vc_tta_section title=&#8221;Enjoy free minutes&#8221; tab_id=&#8221;institutionen1bd3-bd61108b-8027&#8243;][vc_column_text css=&#8221;&#8221;]<strong>Classic bikes<\/strong><\/p>\n<p>The first 30 minutes are included with every rental in the MyRadl system. After that, the basic rate applies. If you rent multiple bikes at the same time, the free minutes apply only to the first bike. Any additional bikes will be charged at the basic rate.<\/p>\n<p><strong>E-bikes<\/strong><\/p>\n<p>For every rental in the MyRadl system, the first 30 minutes are reduced to 1.50 Euro. After that, the basic rate applies. If you rent multiple bikes at the same time, the free minutes apply only to the first bike. Any additional bikes will be charged at the basic rate.[\/vc_column_text][\/vc_tta_section][\/vc_tta_accordion][\/vc_column][\/vc_row][vc_row ppi_row_padding=&#8221;ppi_remove_padding_top&#8221; disable_element=&#8221;yes&#8221;][vc_column width=&#8221;1\/6&#8243;][vc_icon icon_fontawesome=&#8221;fas fa-city&#8221; color=&#8221;custom&#8221; size=&#8221;lg&#8221; custom_color=&#8221;#e30613&#8243;][\/vc_column][vc_column width=&#8221;5\/6&#8243;][vc_tta_accordion active_section=&#8221;0&#8243; collapsible_all=&#8221;true&#8221; title=&#8221;Verg\u00fcstigungen in anderen VRS-St\u00e4dten und -Gemeinden&#8221;][vc_tta_section title=&#8221;Wo gibt&#8217;s noch Freiminuten?&#8221; tab_id=&#8221;1698314500215-4975e639-d5dc108b-8027&#8243;][vc_column_text]Einmal verkn\u00fcpft, genie\u00dft du auch in diesen St\u00e4dten Vorteile. Details zu den Sonderkonditionen k\u00f6nnen der jeweiligen Webseite entnommen werden:<\/p>\n<ul>\n<li><a href=\"https:\/\/www.nextbike.de\/bonn\/de\" target=\"_blank\" rel=\"noopener noreferrer\">nextbike Bonn<\/a><\/li>\n<li><a href=\"https:\/\/www.wupsirad.de\/leverkusen\/de\" target=\"_blank\" rel=\"noopener noreferrer\">wupsiRad Leverkusen<\/a><\/li>\n<li><a href=\"https:\/\/www.nextbike.de\/rvk\/de\" target=\"_blank\" rel=\"noopener noreferrer\">RVK e-Bike<\/a><\/li>\n<li><a href=\"https:\/\/www.nextbike.de\/bergisches-ebike\/de\" target=\"_blank\" rel=\"noopener noreferrer\">Bergisches E-Bike<\/a><\/li>\n<li><a href=\"https:\/\/www.nextbike.de\/rsvg\/de\/\" target=\"_blank\" rel=\"noopener noreferrer\">RSVG-Bike<\/a><\/li>\n<li><a href=\"https:\/\/revg.de\/mobic.html\">mobic<\/a><\/li>\n<\/ul>\n<p>[\/vc_column_text][\/vc_tta_section][\/vc_tta_accordion][\/vc_column][\/vc_row][vc_row ppi_row_padding=&#8221;ppi_remove_padding_top&#8221; disable_element=&#8221;yes&#8221;][vc_column width=&#8221;1\/6&#8243;][vc_icon icon_fontawesome=&#8221;fas fa-certificate&#8221; color=&#8221;custom&#8221; size=&#8221;lg&#8221; custom_color=&#8221;#e30613&#8243;][\/vc_column][vc_column width=&#8221;5\/6&#8243;][vc_tta_accordion active_section=&#8221;0&#8243; collapsible_all=&#8221;true&#8221; title=&#8221;G\u00fcltigkeit&#8221;][vc_tta_section title=&#8221;Wie lange gelten die Sonderkonditionen?&#8221; tab_id=&#8221;1698314622760-9dd67ea5-c2fb108b-8027&#8243;][vc_column_text]<\/p>\n<div class=\"col-xs-12 col-sm-12 col-md-4 small-padding-md\">\n<div class=\"row\">\n<div class=\"col-xs-12 col-sm-12 text-center\">\n<p style=\"text-align: left;\">Die Verg\u00fcnstigungen gelten f\u00fcr alle VRS-Chipkarten-Inhaber*innen ab dem Alter von 16 Jahren.<\/p>\n<\/div>\n<\/div>\n<\/div>\n<div class=\"col-xs-12 col-sm-12 col-md-4 small-padding-md\">\n<div class=\"row\">\n<div class=\"col-xs-12 col-sm-12 text-center\">\n<p style=\"text-align: left;\">Neue VRS-Chipkarte erhalten? Bitte hinterlege die aktuelle Karte erneut in deinem Kundenkonto, um weiterhin von den Sonderkonditionen zu profitieren.<\/p>\n<\/div>\n<\/div>\n<\/div>\n<p>[\/vc_column_text][\/vc_tta_section][\/vc_tta_accordion][\/vc_column][\/vc_row]<\/p>\n<\/div>","protected":false},"excerpt":{"rendered":"<p>[vc_row][vc_column][vc_column_text css=&#8221;&#8221;] Partners Public transport subscription benefit [\/vc_column_text][\/vc_column][\/vc_row][vc_row ppi_row_padding=&#8221;ppi_remove_padding_top&#8221;][vc_column width=&#8221;1\/6&#8243;][vc_icon icon_fontawesome=&#8221;fa fa-solid fa-ticket&#8221; color=&#8221;custom&#8221; size=&#8221;lg&#8221; css=&#8221;&#8221; custom_color=&#8221;#0065CC&#8221;][\/vc_column][vc_column width=&#8221;5\/6&#8243;][vc_tta_accordion active_section=&#8221;1&#8243; title=&#8221;Validity&#8221;][vc_tta_section title=&#8221;Subscriptions eligible for discounts&#8221; tab_id=&#8221;institutionen7581-60cb108b-8027&#8243;][vc_column_text css=&#8221;&#8221;]Anyone who has purchased their Deutschland-Ticket directly via the MVV app, or who, as a student at Landshut University of Applied Sciences, holds a reduced-price Deutschland-Ticket from MVV, or who [&hellip;]<\/p>\n","protected":false},"author":13,"featured_media":0,"parent":0,"menu_order":0,"comment_status":"closed","ping_status":"closed","template":"page-bubble.php","meta":{"_acf_changed":false,"inline_featured_image":false,"footnotes":""},"class_list":["post-737","page","type-page","status-publish","hentry"],"acf":[],"yoast_head":"<!-- This site is optimized with the Yoast SEO plugin v27.2 - https:\/\/yoast.com\/product\/yoast-seo-wordpress\/ -->\n<title>Partners - MyRadl M\u00fcnchen<\/title>\n<meta name=\"description\" content=\"Cycling is cheaper for everyone with an MVV-D ticket, an MVV season ticket or an MVG-D ticket\" \/>\n<meta name=\"robots\" content=\"index, follow, max-snippet:-1, max-image-preview:large, max-video-preview:-1\" \/>\n<link rel=\"canonical\" href=\"https:\/\/www.myradl.de\/en\/partners\/\" \/>\n<meta property=\"og:locale\" content=\"en_US\" \/>\n<meta property=\"og:type\" content=\"article\" \/>\n<meta property=\"og:title\" content=\"Partners - MyRadl M\u00fcnchen\" \/>\n<meta property=\"og:description\" content=\"Cycling is cheaper for everyone with an MVV-D ticket, an MVV season ticket or an MVG-D ticket\" \/>\n<meta property=\"og:url\" content=\"https:\/\/www.myradl.de\/en\/partners\/\" \/>\n<meta property=\"og:site_name\" content=\"MyRadl M\u00fcnchen\" \/>\n<meta property=\"article:modified_time\" content=\"2026-04-21T07:15:37+00:00\" \/>\n<meta name=\"twitter:card\" content=\"summary_large_image\" \/>\n<meta name=\"twitter:label1\" content=\"Est. reading time\" \/>\n\t<meta name=\"twitter:data1\" content=\"3 minutes\" \/>\n<script type=\"application\/ld+json\" class=\"yoast-schema-graph\">{\"@context\":\"https:\/\/schema.org\",\"@graph\":[{\"@type\":\"WebPage\",\"@id\":\"https:\/\/www.myradl.de\/en\/partners\/\",\"url\":\"https:\/\/www.myradl.de\/en\/partners\/\",\"name\":\"Partners - MyRadl M\u00fcnchen\",\"isPartOf\":{\"@id\":\"https:\/\/www.myradl.de\/en\/#website\"},\"datePublished\":\"2026-04-01T07:16:07+00:00\",\"dateModified\":\"2026-04-21T07:15:37+00:00\",\"description\":\"Cycling is cheaper for everyone with an MVV-D ticket, an MVV season ticket or an MVG-D ticket\",\"breadcrumb\":{\"@id\":\"https:\/\/www.myradl.de\/en\/partners\/#breadcrumb\"},\"inLanguage\":\"en-US\",\"potentialAction\":[{\"@type\":\"ReadAction\",\"target\":[\"https:\/\/www.myradl.de\/en\/partners\/\"]}]},{\"@type\":\"BreadcrumbList\",\"@id\":\"https:\/\/www.myradl.de\/en\/partners\/#breadcrumb\",\"itemListElement\":[{\"@type\":\"ListItem\",\"position\":1,\"name\":\"Startseite\",\"item\":\"https:\/\/www.myradl.de\/en\/\"},{\"@type\":\"ListItem\",\"position\":2,\"name\":\"Partners\"}]},{\"@type\":\"WebSite\",\"@id\":\"https:\/\/www.myradl.de\/en\/#website\",\"url\":\"https:\/\/www.myradl.de\/en\/\",\"name\":\"MyRadl M\u00fcnchen\",\"description\":\"Bike Sharing by nextbike\",\"potentialAction\":[{\"@type\":\"SearchAction\",\"target\":{\"@type\":\"EntryPoint\",\"urlTemplate\":\"https:\/\/www.myradl.de\/en\/?s={search_term_string}\"},\"query-input\":{\"@type\":\"PropertyValueSpecification\",\"valueRequired\":true,\"valueName\":\"search_term_string\"}}],\"inLanguage\":\"en-US\"}]}<\/script>\n<!-- \/ Yoast SEO plugin. -->","yoast_head_json":{"title":"Partners - MyRadl M\u00fcnchen","description":"Cycling is cheaper for everyone with an MVV-D ticket, an MVV season ticket or an MVG-D ticket","robots":{"index":"index","follow":"follow","max-snippet":"max-snippet:-1","max-image-preview":"max-image-preview:large","max-video-preview":"max-video-preview:-1"},"canonical":"https:\/\/www.myradl.de\/en\/partners\/","og_locale":"en_US","og_type":"article","og_title":"Partners - MyRadl M\u00fcnchen","og_description":"Cycling is cheaper for everyone with an MVV-D ticket, an MVV season ticket or an MVG-D ticket","og_url":"https:\/\/www.myradl.de\/en\/partners\/","og_site_name":"MyRadl M\u00fcnchen","article_modified_time":"2026-04-21T07:15:37+00:00","twitter_card":"summary_large_image","twitter_misc":{"Est. reading time":"3 minutes"},"schema":{"@context":"https:\/\/schema.org","@graph":[{"@type":"WebPage","@id":"https:\/\/www.myradl.de\/en\/partners\/","url":"https:\/\/www.myradl.de\/en\/partners\/","name":"Partners - MyRadl M\u00fcnchen","isPartOf":{"@id":"https:\/\/www.myradl.de\/en\/#website"},"datePublished":"2026-04-01T07:16:07+00:00","dateModified":"2026-04-21T07:15:37+00:00","description":"Cycling is cheaper for everyone with an MVV-D ticket, an MVV season ticket or an MVG-D ticket","breadcrumb":{"@id":"https:\/\/www.myradl.de\/en\/partners\/#breadcrumb"},"inLanguage":"en-US","potentialAction":[{"@type":"ReadAction","target":["https:\/\/www.myradl.de\/en\/partners\/"]}]},{"@type":"BreadcrumbList","@id":"https:\/\/www.myradl.de\/en\/partners\/#breadcrumb","itemListElement":[{"@type":"ListItem","position":1,"name":"Startseite","item":"https:\/\/www.myradl.de\/en\/"},{"@type":"ListItem","position":2,"name":"Partners"}]},{"@type":"WebSite","@id":"https:\/\/www.myradl.de\/en\/#website","url":"https:\/\/www.myradl.de\/en\/","name":"MyRadl M\u00fcnchen","description":"Bike Sharing by nextbike","potentialAction":[{"@type":"SearchAction","target":{"@type":"EntryPoint","urlTemplate":"https:\/\/www.myradl.de\/en\/?s={search_term_string}"},"query-input":{"@type":"PropertyValueSpecification","valueRequired":true,"valueName":"search_term_string"}}],"inLanguage":"en-US"}]}},"_links":{"self":[{"href":"https:\/\/www.myradl.de\/en\/wp-json\/wp\/v2\/pages\/737","targetHints":{"allow":["GET"]}}],"collection":[{"href":"https:\/\/www.myradl.de\/en\/wp-json\/wp\/v2\/pages"}],"about":[{"href":"https:\/\/www.myradl.de\/en\/wp-json\/wp\/v2\/types\/page"}],"author":[{"embeddable":true,"href":"https:\/\/www.myradl.de\/en\/wp-json\/wp\/v2\/users\/13"}],"replies":[{"embeddable":true,"href":"https:\/\/www.myradl.de\/en\/wp-json\/wp\/v2\/comments?post=737"}],"version-history":[{"count":11,"href":"https:\/\/www.myradl.de\/en\/wp-json\/wp\/v2\/pages\/737\/revisions"}],"predecessor-version":[{"id":898,"href":"https:\/\/www.myradl.de\/en\/wp-json\/wp\/v2\/pages\/737\/revisions\/898"}],"wp:attachment":[{"href":"https:\/\/www.myradl.de\/en\/wp-json\/wp\/v2\/media?parent=737"}],"curies":[{"name":"wp","href":"https:\/\/api.w.org\/{rel}","templated":true}]}}